{"id":11,"date":"2016-12-07T11:49:07","date_gmt":"2016-12-07T11:49:07","guid":{"rendered":"http:\/\/themes.muffingroup.com\/be\/musician\/?page_id=11"},"modified":"2022-11-05T16:49:13","modified_gmt":"2022-11-05T15:49:13","slug":"repertorio-2","status":"publish","type":"page","link":"http:\/\/www.juliafarres.com\/en\/repertorio-2\/","title":{"rendered":"Repertoire"},"content":{"rendered":"<p><strong><em>OPERA<\/em><\/strong><\/p>\n<table>\n<tbody>\n<tr>\n<td width=\"217\">ARRIAGA, Juan Cris\u00f3stomo de<\/td>\n<td width=\"384\"><strong>La princesa \u00e1rabe<\/strong>: <em>Amirah*<\/em><\/td>\n<\/tr>\n<tr>\n<td width=\"217\">BELLINI, Vincenzo<\/td>\n<td width=\"384\"><strong>I Capuleti e I Montecchi<\/strong>: <em>Giulietta <\/em><\/td>\n<\/tr>\n<tr>\n<td width=\"217\">BERLIOZ, H\u00e9ctor<\/td>\n<td width=\"384\"><strong>B\u00e9atrice et B\u00e9n\u00e9dict<\/strong>: <em>H\u00e9ro<\/em><\/td>\n<\/tr>\n<tr>\n<td width=\"217\">BIZET, Georges<\/td>\n<td width=\"384\"><strong>Carmen<\/strong>: <em>Micaela* \/ Frasquita*<\/em><\/p>\n<p><strong>Les p\u00eacheurs de perles:<\/strong><em>\u00a0 L\u00e9\u00efla <\/em>(Parts)<\/td>\n<\/tr>\n<tr>\n<td width=\"217\">BRITTEN, Benjamin<\/td>\n<td width=\"384\"><strong>The little sweep<\/strong>: <em>Rowan*<\/em><\/td>\n<\/tr>\n<tr>\n<td width=\"217\">DONIZETTI, Gaetano<\/td>\n<td width=\"384\"><strong>L\u2019Elisir d\u2019amore: <\/strong><em>Adina<\/em><\/p>\n<p><strong>Don Pasquale:<\/strong> <em>Norina<\/em><\/td>\n<\/tr>\n<tr>\n<td width=\"217\">GOUNOD, Charles<\/td>\n<td width=\"384\"><strong>Rom\u00e9o et Juliette<\/strong>: <em>Juliette<\/em> (Parts) \/ <em>St\u00e9phano*<\/em><\/p>\n<p><strong>Faust<\/strong>: <em>Marguerite<\/em> (Parts)<\/td>\n<\/tr>\n<tr>\n<td width=\"217\">GLUCK, Christoph Willibald<\/td>\n<td width=\"384\"><strong>Orfeo ed Euridice<\/strong> (versi\u00f3 Viena 1762): <em>Euridice*<\/em><\/p>\n<p><strong>Orph\u00e9e et Euridice<\/strong> (versi\u00f3 Par\u00eds 1774): <em>Euridice<\/em><\/td>\n<\/tr>\n<tr>\n<td width=\"217\">MASSENET, Jules<\/td>\n<td width=\"384\"><strong>Manon<\/strong>: <em>Manon <\/em>\/<em>Poussette<\/em>*<\/td>\n<\/tr>\n<tr>\n<td width=\"217\">MOZART, Wolfgang Amadeus<\/td>\n<td width=\"384\"><strong>Die Zauberfl\u00f6te<\/strong><em>: Pamina \/ 1.Dame* \/ Papagena<\/em>*<\/p>\n<p><strong>Le nozze di Figaro<\/strong>: <em>Susanna<\/em><\/p>\n<p><strong>Idomeneo Re di Creta<\/strong>: <em>Ilia<\/em> (Parts)<\/p>\n<p><strong>Cos\u00ec fan tutte:<\/strong> Despina*<\/p>\n<p><strong>Don Giovanni: <\/strong><em>Donna Anna* \/Fiordiliggi (parts)<\/em><\/td>\n<\/tr>\n<tr>\n<td width=\"217\">OFFENBACH, Jacques<\/td>\n<td width=\"384\"><strong>Les Contes d\u2019Hoffmann<\/strong>: <em>Antonia<\/em> (Parts)<\/td>\n<\/tr>\n<tr>\n<td width=\"217\">PODDA, Marco<\/td>\n<td width=\"384\"><strong>Donna di veleni: <\/strong><em>Maria* (Estrena mundial)<\/em><\/td>\n<\/tr>\n<tr>\n<td width=\"217\">POULENC, Francis<\/p>\n<p>&nbsp;<\/td>\n<td width=\"384\"><strong>Dialogue des Carm\u00e9lites<\/strong>: <em>Blanche de la Force<\/em><\/td>\n<\/tr>\n<tr>\n<td width=\"217\">PRAT, Carles<\/td>\n<td width=\"384\"><strong>Il Teatro alla Moda: <\/strong><em>Margalida*<\/em><\/td>\n<\/tr>\n<tr>\n<td width=\"217\">PUCCINI, Giacomo<\/td>\n<td width=\"384\"><strong>La Boh\u00e8me<\/strong>: <em>Musetta<\/em><\/p>\n<p><strong>Gianni Schicchi: <\/strong><em>Lauretta<\/em><\/td>\n<\/tr>\n<tr>\n<td width=\"217\">PURCELL, Henry<\/td>\n<td width=\"384\"><strong>The fairy Queen: 2nd Fairy*, Attendant*, Soprano*, Spring*,\u00a0 2nd Woman*<\/strong><\/td>\n<\/tr>\n<tr>\n<td width=\"217\">ROSSINI, Gioachino<\/td>\n<td width=\"384\"><strong>Il viaggio a Reims: <\/strong><em>Corinna<\/em><\/td>\n<\/tr>\n<tr>\n<td width=\"217\">VERDI, Giuseppe<\/td>\n<td width=\"384\"><strong>Il Trovatore<\/strong>: <em>In\u00e9s<\/em>*<\/p>\n<p><strong>Rigoletto:<\/strong> <em>Gilda <\/em><\/p>\n<p><strong>La Traviata<\/strong>: <em>Violetta<\/em> (Parts)<\/td>\n<\/tr>\n<tr>\n<td width=\"217\">WAGNER, Richard<\/td>\n<td width=\"384\"><strong>Das Rheingold<\/strong>: <em>Woglinde<\/em>*<\/p>\n<p><strong>Das Liebesverbot<\/strong>: <em>Marianna \/ Isabella<\/em>* (V. Cambra)<\/td>\n<\/tr>\n<tr>\n<td width=\"217\">WEBER, Carl Maria von<\/td>\n<td width=\"384\"><strong>Der Freisch\u00fctz<\/strong><em>: \u00c4nchenn<\/em> (Parts)<\/td>\n<\/tr>\n<\/tbody>\n<\/table>\n<p>* Debuted role<\/p>\n<p>&nbsp;<\/p>\n<p><strong><em>Zarzuela<\/em><\/strong><\/p>\n<table>\n<tbody>\n<tr>\n<td width=\"300\">ASENJO BARBIERI, Francisco<\/td>\n<td width=\"300\"><strong>El barberillo de Lavapi\u00e9s<\/strong>: <em>Paloma <\/em>(Parts)<\/td>\n<\/tr>\n<tr>\n<td width=\"300\">CHAP\u00cd, Ruperto<\/td>\n<td width=\"300\"><strong>Las hijas del Zebedeo<\/strong>: <em>Carceleras<\/em> (Parts)<\/td>\n<\/tr>\n<tr>\n<td width=\"300\">LECUONA, Ernesto<\/td>\n<td width=\"300\"><strong>Maria la O<\/strong>: <em>Maria<\/em> (Parts)<\/td>\n<\/tr>\n<tr>\n<td width=\"300\">LLED\u00d3, Vicente<\/td>\n<td width=\"300\"><strong>La Corte de fara\u00f3n: <\/strong><em>Lota*<\/em><\/td>\n<\/tr>\n<tr>\n<td width=\"300\">MANENT, Nicolau<\/td>\n<td width=\"300\"><strong>A posta de sol<\/strong><\/td>\n<\/tr>\n<tr>\n<td width=\"300\">MART\u00cdNEZ-VALLS, Rafael<\/td>\n<td width=\"300\"><strong>Can\u00e7\u00f3 d\u2019amor i de guerra<\/strong>: <em>Francina<\/em>*<\/td>\n<\/tr>\n<tr>\n<td width=\"300\">MORENO TORROBA, Federico<\/td>\n<td width=\"300\"><strong>La Marchenera<\/strong>: <em>Valentina<\/em> (Parts)<\/p>\n<p><strong>Luisa Fernanda<\/strong>: <em>Carolina<\/em> (Parts)<\/td>\n<\/tr>\n<tr>\n<td width=\"300\">SOROZ\u00c1BAL, Pablo<\/td>\n<td width=\"300\"><strong>Katiuska<\/strong>: <em>Katiuska<\/em>*<\/p>\n<p><strong>La del manojo de rosas<\/strong>: <em>Ascensi\u00f3n<\/em> (Parts)<\/td>\n<\/tr>\n<tr>\n<td width=\"300\">VIVES, Amadeus<\/td>\n<td width=\"300\"><strong>Bohemios<\/strong>: <em>Cossette<\/em>*<\/td>\n<\/tr>\n<\/tbody>\n<\/table>\n<p>* Debuted role<\/p>\n<p><strong><em>\u00a0<\/em><\/strong><\/p>\n<p><strong><em>ORATORY AND ORCHESTRAL LIED<\/em><\/strong><\/p>\n<table>\n<tbody>\n<tr>\n<td width=\"300\">BACH, Johann Sebastian<\/td>\n<td width=\"300\">Magnificat in D-Dur BWV 243<\/p>\n<p>Mass Si menor BWV 232<\/p>\n<p>St Matthew Passion BWV244<\/td>\n<\/tr>\n<tr>\n<td width=\"300\">BERLIOZ, H\u00e9ctor<\/td>\n<td width=\"300\">Les nuits d\u2019\u00e9t\u00e9<\/td>\n<\/tr>\n<tr>\n<td width=\"300\">BRAHMS, Johannes<\/td>\n<td width=\"300\">Ein deutsches Requiem Op.45<\/td>\n<\/tr>\n<tr>\n<td width=\"300\">FAUR\u00c9, Gabriel<\/td>\n<td width=\"300\">Requiem Op.48<\/td>\n<\/tr>\n<tr>\n<td width=\"300\">HAYDN, Franz Joseph<\/td>\n<td width=\"300\">Die Sch\u00f6pfung: Gabriel<\/td>\n<\/tr>\n<tr>\n<td width=\"300\">MOZART, Wolfgang Amadeus<\/td>\n<td width=\"300\">Misa Brevis in G-Dur<\/p>\n<p>Exsultate Jubilate KV 165<\/p>\n<p>Mass in C \u201cKr\u00f6nungsmesse\u201d BWV 317<\/p>\n<p>Requiem KV 626<\/p>\n<p>Litaniae laurentanae KV 109<\/p>\n<p>Gran Misa Do menor KV 427<\/td>\n<\/tr>\n<tr>\n<td width=\"300\">PERGOLESI, Giovanni Battista<\/td>\n<td width=\"300\">Stabat Mater<\/td>\n<\/tr>\n<tr>\n<td width=\"300\">SCHUBERT, Franz<\/td>\n<td width=\"300\">Der Hirt auf dem Felsen<\/td>\n<\/tr>\n<tr>\n<td width=\"300\">STRAUSS II,\u00a0 JOHANN<\/td>\n<td width=\"300\">Aimer, boire et chanter, Op.333<\/td>\n<\/tr>\n<tr>\n<td width=\"300\">VIVALDI, Antonio<\/td>\n<td width=\"300\">Gloria RV 589<\/td>\n<\/tr>\n<\/tbody>\n<\/table>\n<p>&nbsp;<\/p>\n<p><strong><em>CHAMBER MUSIC<\/em><\/strong><\/p>\n<table>\n<tbody>\n<tr>\n<td width=\"226\">CHARLES, Agust\u00ed<\/td>\n<td width=\"374\">Espejo desierto II (Percussion Quartet and Soprano)<\/td>\n<\/tr>\n<tr>\n<td width=\"226\">LESNIK, \u00cdgor<\/td>\n<td width=\"374\">Hommage a Ball (Percussion Quartet and Soprano)<\/td>\n<\/tr>\n<tr>\n<td width=\"226\">SAINT-SA\u00cbNS, Camille<\/td>\n<td width=\"374\">Une fl\u00fbte invisible (Flute, voice and piano)<\/td>\n<\/tr>\n<tr>\n<td width=\"226\">SCHMIDT, Roland<\/td>\n<td width=\"374\">La sombra de mi alma (Percussion Quartet and Soprano)<\/td>\n<\/tr>\n<tr>\n<td width=\"226\">SCH\u00d6NBERG, Arnold<\/td>\n<td width=\"374\">Pierrot lunaire<\/td>\n<\/tr>\n<tr>\n<td width=\"226\">WEBERN, Anton von<\/td>\n<td width=\"374\">Sechs Lieder Op. 14<\/p>\n<p>F\u00fcnf Canons Op. 16<\/p>\n<p>Drei Volkstexte Op.17<\/td>\n<\/tr>\n<\/tbody>\n<\/table>\n<p>&nbsp;<\/p>\n<p>&nbsp;<\/p>\n<p><strong><em>LIEDER<\/em><\/strong><\/p>\n<p>Works from:<\/p>\n<table>\n<tbody>\n<tr>\n<td width=\"179\">ARDITI, Pier Luiggi<\/td>\n<td width=\"216\">GRANADOS, Enric<\/td>\n<td width=\"205\">RACHMANINOV, Serguei<\/td>\n<\/tr>\n<tr>\n<td width=\"179\">BEETHOVEN, Ludwig van<\/td>\n<td width=\"216\">GRIEG, Edvard<\/td>\n<td width=\"205\">RAVEL, Maurice<\/td>\n<\/tr>\n<tr>\n<td width=\"179\">BELLINI, Vincenzo<\/td>\n<td width=\"216\">GUINOVART, Albert<\/td>\n<td width=\"205\">RODRIGO, Joaqu\u00edn<\/td>\n<\/tr>\n<tr>\n<td width=\"179\">BRAHMS, Johannes<\/td>\n<td width=\"216\">HAHN, Reynaldo<\/td>\n<td width=\"205\">SATIE, Erik<\/td>\n<\/tr>\n<tr>\n<td width=\"179\">DEBUSSY, Claude<\/td>\n<td width=\"216\">HR\u00cdSTOV, Dovri<\/td>\n<td width=\"205\">SCHUBERT, Franz<\/td>\n<\/tr>\n<tr>\n<td width=\"179\">DELIBES, Leo<\/td>\n<td width=\"216\">MAN\u00c9N, Joan<\/td>\n<td width=\"205\">SCHUMANN, Robert<\/td>\n<\/tr>\n<tr>\n<td width=\"179\">ENESCO, Georges<\/td>\n<td width=\"216\">MASSENET, Jules<\/td>\n<td width=\"205\">SIBELIUS, Jean<\/td>\n<\/tr>\n<tr>\n<td width=\"179\">FALLA, Manuel<\/td>\n<td width=\"216\">MOMPOU, Frederic<\/td>\n<td width=\"205\">SOR, Fernando<\/td>\n<\/tr>\n<tr>\n<td width=\"179\">FAUR\u00c9, Gabriel<\/td>\n<td width=\"216\">MONTSALVATGE, Xavier<\/td>\n<td width=\"205\">STRAUSS, Richard<\/td>\n<\/tr>\n<tr>\n<td width=\"179\">FERRER, Rafael<\/td>\n<td width=\"216\">MORERA, Enric<\/td>\n<td width=\"205\">TOLDR\u00c0, Eduard<\/td>\n<\/tr>\n<tr>\n<td width=\"179\">FRANCK, C\u00e9sar<\/td>\n<td width=\"216\">POULENC, Fran\u00e7ois<\/td>\n<td width=\"205\">TURINA, Joaqu\u00edn<\/td>\n<\/tr>\n<tr>\n<td width=\"179\">GARC\u00cdA-ABRIL, Ant\u00f3n<\/td>\n<td width=\"216\">PIPKOB, Liubomir<\/td>\n<td width=\"205\">WAGNER, Richard<\/td>\n<\/tr>\n<\/tbody>\n<\/table>\n<p>&nbsp;<\/p>\n<p>Recent lieder debuts:<\/p>\n<table>\n<tbody>\n<tr>\n<td width=\"305\">BLANES, Luis<\/td>\n<td width=\"305\">Tres canciones andaluzas (guitar and voice)<\/td>\n<\/tr>\n<tr>\n<td width=\"305\">CALAND\u00cdN, Emilio<\/td>\n<td width=\"305\">Tres canciones (guitar and voice) Remansillo<\/td>\n<\/tr>\n<tr>\n<td width=\"305\">CANO, C\u00e9sar<\/td>\n<td width=\"305\">Suite del agua (voice and guitar) Curva<\/td>\n<\/tr>\n<tr>\n<td width=\"305\">Mario CASTELNUOVO-TEDESCO<\/td>\n<td width=\"305\">Dos romances viejos (voice and guitar, voice and piano)<\/td>\n<\/tr>\n<tr>\n<td width=\"305\">GERHARD, Robert<\/td>\n<td width=\"305\">Can\u00e7ons populars catalanes<\/p>\n<p>Madrigal a Sitges<\/td>\n<\/tr>\n<tr>\n<td width=\"305\">Ricard LAMOTE DE GRIGNON<\/td>\n<td width=\"305\">Tr\u00edptic per a soprano i orquestra<\/td>\n<\/tr>\n<tr>\n<td width=\"305\">Ottorino, RESPIGHI<\/td>\n<td width=\"305\">Deit\u00e0 Silvane. Acqua<\/td>\n<\/tr>\n<tr>\n<td width=\"305\">Matilde SALVADOR<\/td>\n<td width=\"305\">Canciones de nana y desvelo (voice and guitar)<\/p>\n<p>Endechas y Cantares de Sefarad (voice and guitar) A la una \/ Cantar de amanecida \/ Endecha \/ Arvolicos d\u2019almendra<\/td>\n<\/tr>\n<tr>\n<td width=\"305\">Gottfried VON EINEM<\/td>\n<td width=\"305\">Sieben Lieder, op.1O<\/p>\n<p>Nach verschiedenen Dichtern<\/p>\n<p>Inmitten aller Verg\u00e4nglichkeit, Op.77<\/p>\n<p>Zw\u00f6lf Lieder nach Gedichtem von Christine Busta<\/td>\n<\/tr>\n<\/tbody>\n<\/table>","protected":false},"excerpt":{"rendered":"<p>\u00d3PERA ARRIAGA, Juan Cris\u00f3stomo de La princesa \u00e1rabe: Amirah* BELLINI, Vincenzo I Capuleti e I Montecchi: Giulietta BERLIOZ, H\u00e9ctor B\u00e9atrice et B\u00e9n\u00e9dict: H\u00e9ro BIZET, Georges Carmen:<span class=\"excerpt-hellip\"> [\u2026]<\/span><\/p>","protected":false},"author":1,"featured_media":0,"parent":0,"menu_order":0,"comment_status":"closed","ping_status":"closed","template":"","meta":[],"yoast_head":"<!-- This site is optimized with the Yoast SEO plugin v15.0 - https:\/\/yoast.com\/wordpress\/plugins\/seo\/ -->\n<title>Repertorio - J&uacute;lia Farr&eacute;s-Llongueras<\/title>\n<meta name=\"robots\" content=\"index, follow, max-snippet:-1, max-image-preview:large, max-video-preview:-1\" \/>\n<link rel=\"canonical\" href=\"http:\/\/www.juliafarres.com\/en\/repertorio-2\/\" \/>\n<meta property=\"og:locale\" content=\"en_US\" \/>\n<meta property=\"og:type\" content=\"article\" \/>\n<meta property=\"og:title\" content=\"Repertorio - J&uacute;lia Farr&eacute;s-Llongueras\" \/>\n<meta property=\"og:description\" content=\"\u00d3PERA ARRIAGA, Juan Cris\u00f3stomo de La princesa \u00e1rabe: Amirah* BELLINI, Vincenzo I Capuleti e I Montecchi: Giulietta BERLIOZ, H\u00e9ctor B\u00e9atrice et B\u00e9n\u00e9dict: H\u00e9ro BIZET, Georges Carmen: [\u2026]\" \/>\n<meta property=\"og:url\" content=\"http:\/\/www.juliafarres.com\/en\/repertorio-2\/\" \/>\n<meta property=\"og:site_name\" content=\"J&uacute;lia Farr&eacute;s-Llongueras\" \/>\n<meta property=\"article:modified_time\" content=\"2022-11-05T15:49:13+00:00\" \/>\n<meta name=\"twitter:card\" content=\"summary_large_image\" \/>\n<script type=\"application\/ld+json\" class=\"yoast-schema-graph\">{\"@context\":\"https:\/\/schema.org\",\"@graph\":[{\"@type\":\"WebSite\",\"@id\":\"http:\/\/www.juliafarres.com\/en\/#website\",\"url\":\"http:\/\/www.juliafarres.com\/en\/\",\"name\":\"J&uacute;lia Farr&eacute;s-Llongueras\",\"description\":\"Soprano\",\"potentialAction\":[{\"@type\":\"SearchAction\",\"target\":\"http:\/\/www.juliafarres.com\/en\/?s={search_term_string}\",\"query-input\":\"required name=search_term_string\"}],\"inLanguage\":\"en-US\"},{\"@type\":\"WebPage\",\"@id\":\"http:\/\/www.juliafarres.com\/repertorio-2\/#webpage\",\"url\":\"http:\/\/www.juliafarres.com\/repertorio-2\/\",\"name\":\"Repertorio - J&uacute;lia Farr&eacute;s-Llongueras\",\"isPartOf\":{\"@id\":\"http:\/\/www.juliafarres.com\/en\/#website\"},\"datePublished\":\"2016-12-07T11:49:07+00:00\",\"dateModified\":\"2022-11-05T15:49:13+00:00\",\"inLanguage\":\"en-US\",\"potentialAction\":[{\"@type\":\"ReadAction\",\"target\":[\"http:\/\/www.juliafarres.com\/repertorio-2\/\"]}]}]}<\/script>\n<!-- \/ Yoast SEO plugin. -->","_links":{"self":[{"href":"http:\/\/www.juliafarres.com\/en\/wp-json\/wp\/v2\/pages\/11"}],"collection":[{"href":"http:\/\/www.juliafarres.com\/en\/wp-json\/wp\/v2\/pages"}],"about":[{"href":"http:\/\/www.juliafarres.com\/en\/wp-json\/wp\/v2\/types\/page"}],"author":[{"embeddable":true,"href":"http:\/\/www.juliafarres.com\/en\/wp-json\/wp\/v2\/users\/1"}],"replies":[{"embeddable":true,"href":"http:\/\/www.juliafarres.com\/en\/wp-json\/wp\/v2\/comments?post=11"}],"version-history":[{"count":50,"href":"http:\/\/www.juliafarres.com\/en\/wp-json\/wp\/v2\/pages\/11\/revisions"}],"predecessor-version":[{"id":2428,"href":"http:\/\/www.juliafarres.com\/en\/wp-json\/wp\/v2\/pages\/11\/revisions\/2428"}],"wp:attachment":[{"href":"http:\/\/www.juliafarres.com\/en\/wp-json\/wp\/v2\/media?parent=11"}],"curies":[{"name":"wp","href":"https:\/\/api.w.org\/{rel}","templated":true}]}}