{"id":9,"date":"2016-12-07T11:48:56","date_gmt":"2016-12-07T11:48:56","guid":{"rendered":"http:\/\/themes.muffingroup.com\/be\/musician\/?page_id=9"},"modified":"2022-06-22T12:16:51","modified_gmt":"2022-06-22T10:16:51","slug":"bio-cast","status":"publish","type":"page","link":"http:\/\/www.juliafarres.com\/en\/bio-cast\/","title":{"rendered":"Bio"},"content":{"rendered":"<h2><\/h2>\n<p>&nbsp;<\/p>\n<p>&nbsp;<\/p>","protected":false},"excerpt":{"rendered":"<p>&nbsp; &nbsp;<\/p>","protected":false},"author":1,"featured_media":478,"parent":0,"menu_order":0,"comment_status":"closed","ping_status":"closed","template":"","meta":[],"yoast_head":"<!-- This site is optimized with the Yoast SEO plugin v15.0 - https:\/\/yoast.com\/wordpress\/plugins\/seo\/ -->\n<title>Biograf\u00eda de la soprano J\u00falia Farr\u00e9s-Llongueras, disponible su descarga<\/title>\n<meta name=\"description\" content=\"Biograf\u00eda de la soprano J\u00falia Farr\u00e9s-Llongueras, disponible su descarga en formato PDF en Castellano, Catal\u00e1n e Ingl\u00e9s.\" \/>\n<meta name=\"robots\" content=\"index, follow, max-snippet:-1, max-image-preview:large, max-video-preview:-1\" \/>\n<link rel=\"canonical\" href=\"http:\/\/www.juliafarres.com\/en\/bio-cast\/\" \/>\n<meta property=\"og:locale\" content=\"en_US\" \/>\n<meta property=\"og:type\" content=\"article\" \/>\n<meta property=\"og:title\" content=\"Biograf\u00eda de la soprano J\u00falia Farr\u00e9s-Llongueras, disponible su descarga\" \/>\n<meta property=\"og:description\" content=\"Biograf\u00eda de la soprano J\u00falia Farr\u00e9s-Llongueras, disponible su descarga en formato PDF en Castellano, Catal\u00e1n e Ingl\u00e9s.\" \/>\n<meta property=\"og:url\" content=\"http:\/\/www.juliafarres.com\/en\/bio-cast\/\" \/>\n<meta property=\"og:site_name\" content=\"J&uacute;lia Farr&eacute;s-Llongueras\" \/>\n<meta property=\"article:modified_time\" content=\"2022-06-22T10:16:51+00:00\" \/>\n<meta property=\"og:image\" content=\"http:\/\/www.juliafarres.com\/wp-content\/uploads\/2017\/05\/JFLL-OF-2-web.jpg\" \/>\n\t<meta property=\"og:image:width\" content=\"600\" \/>\n\t<meta property=\"og:image:height\" content=\"800\" \/>\n<meta name=\"twitter:card\" content=\"summary_large_image\" \/>\n<script type=\"application\/ld+json\" class=\"yoast-schema-graph\">{\"@context\":\"https:\/\/schema.org\",\"@graph\":[{\"@type\":\"WebSite\",\"@id\":\"http:\/\/www.juliafarres.com\/en\/#website\",\"url\":\"http:\/\/www.juliafarres.com\/en\/\",\"name\":\"J&uacute;lia Farr&eacute;s-Llongueras\",\"description\":\"Soprano\",\"potentialAction\":[{\"@type\":\"SearchAction\",\"target\":\"http:\/\/www.juliafarres.com\/en\/?s={search_term_string}\",\"query-input\":\"required name=search_term_string\"}],\"inLanguage\":\"en-US\"},{\"@type\":\"ImageObject\",\"@id\":\"http:\/\/www.juliafarres.com\/bio-cast\/#primaryimage\",\"inLanguage\":\"en-US\",\"url\":\"http:\/\/www.juliafarres.com\/wp-content\/uploads\/2017\/05\/JFLL-OF-2-web.jpg\",\"width\":600,\"height\":800,\"caption\":\"Fotogr.: Luis Vidal\"},{\"@type\":\"WebPage\",\"@id\":\"http:\/\/www.juliafarres.com\/bio-cast\/#webpage\",\"url\":\"http:\/\/www.juliafarres.com\/bio-cast\/\",\"name\":\"Biograf\\u00eda de la soprano J\\u00falia Farr\\u00e9s-Llongueras, disponible su descarga\",\"isPartOf\":{\"@id\":\"http:\/\/www.juliafarres.com\/en\/#website\"},\"primaryImageOfPage\":{\"@id\":\"http:\/\/www.juliafarres.com\/bio-cast\/#primaryimage\"},\"datePublished\":\"2016-12-07T11:48:56+00:00\",\"dateModified\":\"2022-06-22T10:16:51+00:00\",\"description\":\"Biograf\\u00eda de la soprano J\\u00falia Farr\\u00e9s-Llongueras, disponible su descarga en formato PDF en Castellano, Catal\\u00e1n e Ingl\\u00e9s.\",\"inLanguage\":\"en-US\",\"potentialAction\":[{\"@type\":\"ReadAction\",\"target\":[\"http:\/\/www.juliafarres.com\/bio-cast\/\"]}]}]}<\/script>\n<!-- \/ Yoast SEO plugin. -->","_links":{"self":[{"href":"http:\/\/www.juliafarres.com\/en\/wp-json\/wp\/v2\/pages\/9"}],"collection":[{"href":"http:\/\/www.juliafarres.com\/en\/wp-json\/wp\/v2\/pages"}],"about":[{"href":"http:\/\/www.juliafarres.com\/en\/wp-json\/wp\/v2\/types\/page"}],"author":[{"embeddable":true,"href":"http:\/\/www.juliafarres.com\/en\/wp-json\/wp\/v2\/users\/1"}],"replies":[{"embeddable":true,"href":"http:\/\/www.juliafarres.com\/en\/wp-json\/wp\/v2\/comments?post=9"}],"version-history":[{"count":9,"href":"http:\/\/www.juliafarres.com\/en\/wp-json\/wp\/v2\/pages\/9\/revisions"}],"predecessor-version":[{"id":662,"href":"http:\/\/www.juliafarres.com\/en\/wp-json\/wp\/v2\/pages\/9\/revisions\/662"}],"wp:featuredmedia":[{"embeddable":true,"href":"http:\/\/www.juliafarres.com\/en\/wp-json\/wp\/v2\/media\/478"}],"wp:attachment":[{"href":"http:\/\/www.juliafarres.com\/en\/wp-json\/wp\/v2\/media?parent=9"}],"curies":[{"name":"wp","href":"https:\/\/api.w.org\/{rel}","templated":true}]}}